{"id":6099,"date":"2025-07-24T16:35:41","date_gmt":"2025-07-24T16:35:41","guid":{"rendered":"https:\/\/www.costaricafilmcommission.org\/privacy-policy\/"},"modified":"2026-01-28T13:44:24","modified_gmt":"2026-01-28T13:44:24","slug":"politica-de-privacidad","status":"publish","type":"page","link":"https:\/\/www.costaricafilmcommission.org\/es\/politica-de-privacidad\/","title":{"rendered":"Pol\u00edtica de Privacidad"},"content":{"rendered":"\n<p>A trav\u00e9s de este Sitio Web, PROCOMER podr\u00e1 solicitar informaci\u00f3n personal (y le notificar\u00e1 cuando dicha informaci\u00f3n sea requerida). Al utilizar este Sitio Web, usted reconoce y acepta esta Pol\u00edtica de Privacidad y Seguridad, as\u00ed como nuestros T\u00e9rminos y Condiciones.<\/p>\n\n\n\n<p class=\"link-privacy-policy\">Al acceder al sitio web de la Film Commission <a href=\"https:\/\/www.costaricafilmcommission.org\/es\/\" target=\"_blank\" rel=\"noreferrer noopener\">https:\/\/www.costaricafilmcommission.org<\/a> y a todos los sistemas web relacionados (en adelante, \u201cel Sitio Web\u201d), propiedad de PROCOMER, los usuarios aceptan cumplir con estos T\u00e9rminos y Condiciones. Si no est\u00e1 de acuerdo, deber\u00e1 abstenerse de utilizar el Sitio Web.<\/p>\n\n\n\n<h2 class=\"wp-block-heading has-medium-font-size\"><strong><strong>Recopilaci\u00f3n y uso de la informaci\u00f3n<\/strong><\/strong><\/h2>\n\n\n\n<p>Esta Pol\u00edtica de Privacidad y Seguridad se aplica a la recopilaci\u00f3n y uso de la informaci\u00f3n que usted proporcione a trav\u00e9s del Sitio Web. Dicha informaci\u00f3n ser\u00e1 utilizada \u00fanicamente por PROCOMER para fines acordes con su misi\u00f3n.<\/p>\n\n\n\n<p>PROCOMER utiliza sistemas automatizados para detectar y prevenir ciberataques, minimizando el riesgo de da\u00f1os o alteraciones a la informaci\u00f3n disponible en el Sitio Web. Estos sistemas nos permiten generar reportes y registros de intentos de acceso no autorizados.<\/p>\n\n\n\n<p>Su informaci\u00f3n ser\u00e1 utilizada exclusivamente para el prop\u00f3sito para el cual fue recopilada. PROCOMER respeta su derecho a la privacidad y no compartir\u00e1 su informaci\u00f3n personal con terceros sin su consentimiento, salvo cuando sea requerido por la legislaci\u00f3n aplicable.<\/p>\n\n\n\n<p><\/p>\n","protected":false},"excerpt":{"rendered":"<p>A trav\u00e9s de este Sitio Web, PROCOMER podr\u00e1 solicitar informaci\u00f3n personal (y le notificar\u00e1 cuando dicha informaci\u00f3n sea requerida). Al utilizar este Sitio Web, usted reconoce y acepta esta Pol\u00edtica de Privacidad y Seguridad, as\u00ed como nuestros T\u00e9rminos y Condiciones. Al acceder al sitio web de la Film Commission https:\/\/www.costaricafilmcommission.org y a todos los sistemas [&hellip;]<\/p>\n","protected":false},"author":8,"featured_media":0,"parent":0,"menu_order":0,"comment_status":"closed","ping_status":"open","template":"","meta":{"_acf_changed":false,"footnotes":""},"class_list":["post-6099","page","type-page","status-publish","hentry"],"acf":[],"yoast_head":"<!-- This site is optimized with the Yoast SEO plugin v25.5 - https:\/\/yoast.com\/wordpress\/plugins\/seo\/ -->\n<title>Pol\u00edtica de Privacidad | Costa Rica Film Commission<\/title>\n<meta name=\"description\" content=\"Consulte la Pol\u00edtica de privacidad de la Costa Rica Film Commission y conozca c\u00f3mo recopilamos, utilizamos y protegemos sus datos personales.\" \/>\n<meta name=\"robots\" content=\"index, follow, max-snippet:-1, max-image-preview:large, max-video-preview:-1\" \/>\n<link rel=\"canonical\" href=\"https:\/\/www.costaricafilmcommission.org\/es\/politica-de-privacidad\/\" \/>\n<meta property=\"og:locale\" content=\"es_ES\" \/>\n<meta property=\"og:type\" content=\"article\" \/>\n<meta property=\"og:title\" content=\"Pol\u00edtica de Privacidad | Costa Rica Film Commission\" \/>\n<meta property=\"og:description\" content=\"Consulte la Pol\u00edtica de privacidad de la Costa Rica Film Commission y conozca c\u00f3mo recopilamos, utilizamos y protegemos sus datos personales.\" \/>\n<meta property=\"og:url\" content=\"https:\/\/www.costaricafilmcommission.org\/es\/politica-de-privacidad\/\" \/>\n<meta property=\"og:site_name\" content=\"Film Commission\" \/>\n<meta property=\"article:publisher\" content=\"https:\/\/www.facebook.com\/CRFilmCommission\/\" \/>\n<meta property=\"article:modified_time\" content=\"2026-01-28T13:44:24+00:00\" \/>\n<meta name=\"twitter:card\" content=\"summary_large_image\" \/>\n<meta name=\"twitter:label1\" content=\"Tiempo de lectura\" \/>\n\t<meta name=\"twitter:data1\" content=\"1 minuto\" \/>\n<script type=\"application\/ld+json\" class=\"yoast-schema-graph\">{\"@context\":\"https:\/\/schema.org\",\"@graph\":[{\"@type\":\"WebPage\",\"@id\":\"https:\/\/www.costaricafilmcommission.org\/es\/politica-de-privacidad\/\",\"url\":\"https:\/\/www.costaricafilmcommission.org\/es\/politica-de-privacidad\/\",\"name\":\"Pol\u00edtica de Privacidad | Costa Rica Film Commission\",\"isPartOf\":{\"@id\":\"https:\/\/www.costaricafilmcommission.org\/es\/#website\"},\"datePublished\":\"2025-07-24T16:35:41+00:00\",\"dateModified\":\"2026-01-28T13:44:24+00:00\",\"description\":\"Consulte la Pol\u00edtica de privacidad de la Costa Rica Film Commission y conozca c\u00f3mo recopilamos, utilizamos y protegemos sus datos personales.\",\"breadcrumb\":{\"@id\":\"https:\/\/www.costaricafilmcommission.org\/es\/politica-de-privacidad\/#breadcrumb\"},\"inLanguage\":\"es\",\"potentialAction\":[{\"@type\":\"ReadAction\",\"target\":[\"https:\/\/www.costaricafilmcommission.org\/es\/politica-de-privacidad\/\"]}]},{\"@type\":\"BreadcrumbList\",\"@id\":\"https:\/\/www.costaricafilmcommission.org\/es\/politica-de-privacidad\/#breadcrumb\",\"itemListElement\":[{\"@type\":\"ListItem\",\"position\":1,\"name\":\"Portada\",\"item\":\"https:\/\/www.costaricafilmcommission.org\/es\/\"},{\"@type\":\"ListItem\",\"position\":2,\"name\":\"Pol\u00edtica de Privacidad\"}]},{\"@type\":\"WebSite\",\"@id\":\"https:\/\/www.costaricafilmcommission.org\/es\/#website\",\"url\":\"https:\/\/www.costaricafilmcommission.org\/es\/\",\"name\":\"Film Commission\",\"description\":\"Film Commission Website\",\"publisher\":{\"@id\":\"https:\/\/www.costaricafilmcommission.org\/es\/#organization\"},\"potentialAction\":[{\"@type\":\"SearchAction\",\"target\":{\"@type\":\"EntryPoint\",\"urlTemplate\":\"https:\/\/www.costaricafilmcommission.org\/es\/?s={search_term_string}\"},\"query-input\":{\"@type\":\"PropertyValueSpecification\",\"valueRequired\":true,\"valueName\":\"search_term_string\"}}],\"inLanguage\":\"es\"},{\"@type\":\"Organization\",\"@id\":\"https:\/\/www.costaricafilmcommission.org\/es\/#organization\",\"name\":\"Film Commission\",\"url\":\"https:\/\/www.costaricafilmcommission.org\/es\/\",\"logo\":{\"@type\":\"ImageObject\",\"inLanguage\":\"es\",\"@id\":\"https:\/\/www.costaricafilmcommission.org\/es\/#\/schema\/logo\/image\/\",\"url\":\"https:\/\/www.costaricafilmcommission.org\/wp-content\/uploads\/2026\/01\/CF_Blanco-2.png\",\"contentUrl\":\"https:\/\/www.costaricafilmcommission.org\/wp-content\/uploads\/2026\/01\/CF_Blanco-2.png\",\"width\":93,\"height\":40,\"caption\":\"Film Commission\"},\"image\":{\"@id\":\"https:\/\/www.costaricafilmcommission.org\/es\/#\/schema\/logo\/image\/\"},\"sameAs\":[\"https:\/\/www.facebook.com\/CRFilmCommission\/\"]}]}<\/script>\n<!-- \/ Yoast SEO plugin. -->","yoast_head_json":{"title":"Pol\u00edtica de Privacidad | Costa Rica Film Commission","description":"Consulte la Pol\u00edtica de privacidad de la Costa Rica Film Commission y conozca c\u00f3mo recopilamos, utilizamos y protegemos sus datos personales.","robots":{"index":"index","follow":"follow","max-snippet":"max-snippet:-1","max-image-preview":"max-image-preview:large","max-video-preview":"max-video-preview:-1"},"canonical":"https:\/\/www.costaricafilmcommission.org\/es\/politica-de-privacidad\/","og_locale":"es_ES","og_type":"article","og_title":"Pol\u00edtica de Privacidad | Costa Rica Film Commission","og_description":"Consulte la Pol\u00edtica de privacidad de la Costa Rica Film Commission y conozca c\u00f3mo recopilamos, utilizamos y protegemos sus datos personales.","og_url":"https:\/\/www.costaricafilmcommission.org\/es\/politica-de-privacidad\/","og_site_name":"Film Commission","article_publisher":"https:\/\/www.facebook.com\/CRFilmCommission\/","article_modified_time":"2026-01-28T13:44:24+00:00","twitter_card":"summary_large_image","twitter_misc":{"Tiempo de lectura":"1 minuto"},"schema":{"@context":"https:\/\/schema.org","@graph":[{"@type":"WebPage","@id":"https:\/\/www.costaricafilmcommission.org\/es\/politica-de-privacidad\/","url":"https:\/\/www.costaricafilmcommission.org\/es\/politica-de-privacidad\/","name":"Pol\u00edtica de Privacidad | Costa Rica Film Commission","isPartOf":{"@id":"https:\/\/www.costaricafilmcommission.org\/es\/#website"},"datePublished":"2025-07-24T16:35:41+00:00","dateModified":"2026-01-28T13:44:24+00:00","description":"Consulte la Pol\u00edtica de privacidad de la Costa Rica Film Commission y conozca c\u00f3mo recopilamos, utilizamos y protegemos sus datos personales.","breadcrumb":{"@id":"https:\/\/www.costaricafilmcommission.org\/es\/politica-de-privacidad\/#breadcrumb"},"inLanguage":"es","potentialAction":[{"@type":"ReadAction","target":["https:\/\/www.costaricafilmcommission.org\/es\/politica-de-privacidad\/"]}]},{"@type":"BreadcrumbList","@id":"https:\/\/www.costaricafilmcommission.org\/es\/politica-de-privacidad\/#breadcrumb","itemListElement":[{"@type":"ListItem","position":1,"name":"Portada","item":"https:\/\/www.costaricafilmcommission.org\/es\/"},{"@type":"ListItem","position":2,"name":"Pol\u00edtica de Privacidad"}]},{"@type":"WebSite","@id":"https:\/\/www.costaricafilmcommission.org\/es\/#website","url":"https:\/\/www.costaricafilmcommission.org\/es\/","name":"Film Commission","description":"Film Commission Website","publisher":{"@id":"https:\/\/www.costaricafilmcommission.org\/es\/#organization"},"potentialAction":[{"@type":"SearchAction","target":{"@type":"EntryPoint","urlTemplate":"https:\/\/www.costaricafilmcommission.org\/es\/?s={search_term_string}"},"query-input":{"@type":"PropertyValueSpecification","valueRequired":true,"valueName":"search_term_string"}}],"inLanguage":"es"},{"@type":"Organization","@id":"https:\/\/www.costaricafilmcommission.org\/es\/#organization","name":"Film Commission","url":"https:\/\/www.costaricafilmcommission.org\/es\/","logo":{"@type":"ImageObject","inLanguage":"es","@id":"https:\/\/www.costaricafilmcommission.org\/es\/#\/schema\/logo\/image\/","url":"https:\/\/www.costaricafilmcommission.org\/wp-content\/uploads\/2026\/01\/CF_Blanco-2.png","contentUrl":"https:\/\/www.costaricafilmcommission.org\/wp-content\/uploads\/2026\/01\/CF_Blanco-2.png","width":93,"height":40,"caption":"Film Commission"},"image":{"@id":"https:\/\/www.costaricafilmcommission.org\/es\/#\/schema\/logo\/image\/"},"sameAs":["https:\/\/www.facebook.com\/CRFilmCommission\/"]}]}},"_links":{"self":[{"href":"https:\/\/www.costaricafilmcommission.org\/es\/wp-json\/wp\/v2\/pages\/6099","targetHints":{"allow":["GET"]}}],"collection":[{"href":"https:\/\/www.costaricafilmcommission.org\/es\/wp-json\/wp\/v2\/pages"}],"about":[{"href":"https:\/\/www.costaricafilmcommission.org\/es\/wp-json\/wp\/v2\/types\/page"}],"author":[{"embeddable":true,"href":"https:\/\/www.costaricafilmcommission.org\/es\/wp-json\/wp\/v2\/users\/8"}],"replies":[{"embeddable":true,"href":"https:\/\/www.costaricafilmcommission.org\/es\/wp-json\/wp\/v2\/comments?post=6099"}],"version-history":[{"count":2,"href":"https:\/\/www.costaricafilmcommission.org\/es\/wp-json\/wp\/v2\/pages\/6099\/revisions"}],"predecessor-version":[{"id":6122,"href":"https:\/\/www.costaricafilmcommission.org\/es\/wp-json\/wp\/v2\/pages\/6099\/revisions\/6122"}],"wp:attachment":[{"href":"https:\/\/www.costaricafilmcommission.org\/es\/wp-json\/wp\/v2\/media?parent=6099"}],"curies":[{"name":"wp","href":"https:\/\/api.w.org\/{rel}","templated":true}]}}